{"id":349,"date":"2024-10-16T13:10:32","date_gmt":"2024-10-16T11:10:32","guid":{"rendered":"https:\/\/denoemi.com\/legal-notice\/"},"modified":"2024-10-17T15:30:39","modified_gmt":"2024-10-17T13:30:39","slug":"legal-notice","status":"publish","type":"page","link":"https:\/\/denoemi.com\/en\/legal-notice\/","title":{"rendered":"Legal Notice"},"content":{"rendered":"\t\t<div data-elementor-type=\"wp-page\" data-elementor-id=\"349\" class=\"elementor elementor-349 elementor-231\" data-elementor-post-type=\"page\">\n\t\t\t\t<div class=\"elementor-element elementor-element-093465e e-flex e-con-boxed e-con e-parent\" data-id=\"093465e\" data-element_type=\"container\">\n\t\t\t\t\t<div class=\"e-con-inner\">\n\t\t\t\t<div class=\"elementor-element elementor-element-e05d2a9 elementor-widget elementor-widget-heading\" data-id=\"e05d2a9\" data-element_type=\"widget\" data-widget_type=\"heading.default\">\n\t\t\t\t<div class=\"elementor-widget-container\">\n\t\t\t<h2 class=\"elementor-heading-title elementor-size-default\">Legal Notice<\/h2>\t\t<\/div>\n\t\t\t\t<\/div>\n\t\t\t\t\t<\/div>\n\t\t\t\t<\/div>\n\t\t<div class=\"elementor-element elementor-element-5d064da e-flex e-con-boxed e-con e-parent\" data-id=\"5d064da\" data-element_type=\"container\">\n\t\t\t\t\t<div class=\"e-con-inner\">\n\t\t\t\t<div class=\"elementor-element elementor-element-8d3106e elementor-widget elementor-widget-text-editor\" data-id=\"8d3106e\" data-element_type=\"widget\" data-widget_type=\"text-editor.default\">\n\t\t\t\t<div class=\"elementor-widget-container\">\n\t\t\t\t\t\t\t<p>In compliance with article 10 of Law 34\/2002, of July 11, on Information Society Services and electronic commerce, we inform you that the owner of the website denoemi.com is Noemi Wines S.L. with NIF B98706468, and registered office in Fuenterrobles, C\/ La Rambla 47. 46314 Fuenterrobles (Valencia) <\/p>\n<p>Communication between website users and those responsible for denoemi.com can be carried out by email sent to the following address: <a href=\"mailto:noemi@denoemi.com\">noemi@denoemi.com<\/a> on the phone&nbsp;<a href=\"tel:672149357\">672 14 93 57<\/a>.<\/p>\n<p><strong>USE OF THE WEBSITE AND ACCEPTANCE<\/strong><br>Access to and\/or use of the website denoemi.com attributes to the person doing so the status of user and implies full and unreserved acceptance by the user of each and every one of the conditions contained in this Legal Notice.<\/p>\n<p>The content of this Legal Notice may be subject to modifications. Each time the user accesses the website, he\/she must read this Legal Notice carefully.<br>Furthermore, access to the denoemi.com website is subject to all notices, conditions of use and instructions made known to the user by denoemi.com that replace, complete and\/or modify this Legal Notice. <\/p>\n<p><strong>GENERAL CONDITIONS<\/strong><br>The user undertakes to use the services and content provided by the website in accordance with current legislation and the principles of good faith and generally accepted practices and not to contravene current legislation with his or her actions through the website. Therefore, any use for illegal purposes or that may harm third parties in any way is prohibited. <\/p>\n<p>The user guarantees the authenticity and veracity of all personal data provided when completing the form. The user undertakes and is responsible for maintaining all information provided in such a way that it reflects, at all times, his\/her current situation. The processing of personal data supplied by the user will be carried out by es denoemi.com in accordance with the Privacy Policy contained on this website.  <\/p>\n<p>The user will be the sole party responsible for the use of this site and for compliance with these general conditions in their entirety. Consequently, the user is obliged to keep secret, as confidential and reserved information, his access keys, passwords or similar data assigned to access any of the services provided by denoemi.com, being responsible for any damages of any kind arising from misuse by himself or by third parties. <\/p>\n<p>denoemi.com does not guarantee nor accept responsibility, under any circumstances, for the following facts and content, or for any damages that may arise from them:<br>\u00b7 Lack of availability, continuity, access, maintenance and effective operation of the website or its services and updating, accuracy, completeness or relevance of its content, whatever the cause, and technical or other difficulties or problems in which such facts have their origin.<br><br>\u00b7 The transmission and\/or existence of viruses, other elements or programs that are harmful to users&#8217; equipment that could affect them as a result of accessing, using or browsing the site, or causing alterations to their electronic documents or files.<br><br>\u00b7 From the illicit, negligent, fraudulent use, impersonation of a third party or contrary to the content of these general conditions, good faith, generally accepted uses or public order, of the website, its services and content by users.<br>\u00b7 For the knowledge of any information that unauthorized third parties may possess or use regarding the characteristics and circumstances of the use of the contents and services of&nbsp;<span style=\"font-style: inherit; font-weight: inherit; background-color: var(--ast-global-color-5);\">denoemi.com by users.<\/span><\/p>\n<p>Likewise, the reproduction, distribution, transmission, adaptation or modification, by any means and in any form, of the contents of the website (texts, designs, graphics, information, databases, logos, etc.) and other elements of this site is prohibited, except with prior authorization from its legitimate owners or when permitted by law.<\/p>\n<p>The above list is merely indicative and is in no way exclusive or excluding in any of its points.<br><span style=\"font-style: inherit; font-weight: inherit; background-color: var(--ast-global-color-5);\">In any case, denoemi.com reserves the right to deny access to this site to those users who fail to comply with any of these general conditions or the specific conditions that apply to them.<\/span><\/p>\n<p><strong>POL\u00cdTICA DE PRIVACIDAD<\/strong><br>Los datos personales que facilite el usuario a trav\u00e9s de formularios de esta p\u00e1gina web con el fin de suscribir alg\u00fan servicio o realizar alguna compra pueden ser incorporados a un fichero de clientes y cuyo responsable es denoemi.com. El fichero se encuentra ubicado en los sistemas inform\u00e1ticos del responsable.<br>El cliente, o la persona f\u00edsica que lo represente, tiene derecho a acceder al fichero, rectificar sus datos, o cancelarlos (Instrucci\u00f3n 1\/2000, de 1 de diciembre, de la Agencia Espa\u00f1ola de Protecci\u00f3n de Datos). Para ejercitar este derecho puede enviar un mensaje a <a href=\"mailto:noemi@denoemi.com\">noemi@denoemi.com<\/a> o a trav\u00e9s del tel\u00e9fono  &nbsp;<a href=\"tel:672149357\">672 14 93 57<\/a><\/p>\n<p>The personal data provided by users will be accurate and updated so that they truthfully reflect the current situation of the affected party. Therefore, the user must be responsible for the truthfulness and accuracy of the personal data provided and communicate any changes to them that may occur in the future. denoemi.com will cancel the personal data collected when they are no longer necessary or relevant for the purpose for which they were collected or recorded. Cancellation will result in the blocking of the data, which will be kept only at the disposal of public administrations, judges and courts, to address any potential liabilities arising from the processing, during the limitation period for these. Once the aforementioned period has elapsed, your personal data will be deleted.    <\/p>\n<p>In compliance with current regulations, the controller has adopted the necessary measures and techniques to maintain the required level of security in relation to the personal data processed. It is also equipped with the necessary means at its disposal to prevent, as far as possible, unauthorized access, theft and illegal modifications and the loss of data. <\/p>\n<p><strong>LEGISLATION AND JURISDICTION<\/strong><br>The legislation applicable to this Legal Notice will be Spanish legislation, and the competent jurisdiction.<\/p>\n<p>The website denoemi.com uses \u201ccookies\u201d to offer a more personalized service and to help make navigation through its pages easier and more tailored to the preferences of its users.<br>A \u201ccookie\u201d is a small text file that a web page server stores on the user&#8217;s hard drive. \u201cCookies\u201d cannot by themselves identify a person since they do not refer to any personal data. <br><br>Most browsers automatically accept cookies, but they can also be configured to not accept them. Users may, at any time, choose which cookies they want to operate on this website by configuring their browser.<br>There are third-party tools available online that allow users to detect cookies on each website they visit and manage their deactivation. However, denoemi.com is not responsible if deactivating them prevents the website from functioning properly.  <\/p>\n<p><b>COOKIES USED ON THIS WEBSITE<\/b><br><span style=\"font-style: inherit; font-weight: inherit; background-color: var(--ast-global-color-5);\">Following the guidelines of the Spanish Data Protection Agency, we proceed to detail the use of cookies on this website.<br><\/span><span style=\"font-style: inherit; font-weight: inherit; background-color: var(--ast-global-color-5);\">This website uses the following third-party cookies:<\/span><\/p>\n<ul>\n<li>Google Analytics: Stores cookies to compile statistics on traffic and volume of visits to this website. By using this website you are consenting to the processing of information about you by Google. Therefore, to exercise any right in this regard you must do so by contacting Google directly.  <\/li>\n<li>Google Maps: Stores cookies for geolocation.<\/li>\n<li>Social networks: Each social network uses its own cookies so that you can click on the Like or Share buttons.<\/li>\n<\/ul>\t\t\t\t\t\t<\/div>\n\t\t\t\t<\/div>\n\t\t\t\t\t<\/div>\n\t\t\t\t<\/div>\n\t\t\t\t<\/div>\n\t\t","protected":false},"excerpt":{"rendered":"<p>Legal Notice In compliance with article 10 of Law 34\/2002, of July 11, on Information Society Services and electronic commerce, [&hellip;]<\/p>\n","protected":false},"author":1,"featured_media":0,"parent":0,"menu_order":0,"comment_status":"closed","ping_status":"closed","template":"","meta":{"site-sidebar-layout":"no-sidebar","site-content-layout":"","ast-site-content-layout":"full-width-container","site-content-style":"default","site-sidebar-style":"default","ast-global-header-display":"","ast-banner-title-visibility":"","ast-main-header-display":"","ast-hfb-above-header-display":"","ast-hfb-below-header-display":"","ast-hfb-mobile-header-display":"","site-post-title":"disabled","ast-breadcrumbs-content":"","ast-featured-img":"disabled","footer-sml-layout":"","theme-transparent-header-meta":"default","adv-header-id-meta":"","stick-header-meta":"","header-above-stick-meta":"","header-main-stick-meta":"","header-below-stick-meta":"","astra-migrate-meta-layouts":"default","ast-page-background-enabled":"default","ast-page-background-meta":{"desktop":{"background-color":"var(--ast-global-color-4)","background-image":"","background-repeat":"repeat","background-position":"center center","background-size":"auto","background-attachment":"scroll","background-type":"","background-media":"","overlay-type":"","overlay-color":"","overlay-opacity":"","overlay-gradient":""},"tablet":{"background-color":"","background-image":"","background-repeat":"repeat","background-position":"center center","background-size":"auto","background-attachment":"scroll","background-type":"","background-media":"","overlay-type":"","overlay-color":"","overlay-opacity":"","overlay-gradient":""},"mobile":{"background-color":"","background-image":"","background-repeat":"repeat","background-position":"center center","background-size":"auto","background-attachment":"scroll","background-type":"","background-media":"","overlay-type":"","overlay-color":"","overlay-opacity":"","overlay-gradient":""}},"ast-content-background-meta":{"desktop":{"background-color":"var(--ast-global-color-5)","background-image":"","background-repeat":"repeat","background-position":"center center","background-size":"auto","background-attachment":"scroll","background-type":"","background-media":"","overlay-type":"","overlay-color":"","overlay-opacity":"","overlay-gradient":""},"tablet":{"background-color":"var(--ast-global-color-5)","background-image":"","background-repeat":"repeat","background-position":"center center","background-size":"auto","background-attachment":"scroll","background-type":"","background-media":"","overlay-type":"","overlay-color":"","overlay-opacity":"","overlay-gradient":""},"mobile":{"background-color":"var(--ast-global-color-5)","background-image":"","background-repeat":"repeat","background-position":"center center","background-size":"auto","background-attachment":"scroll","background-type":"","background-media":"","overlay-type":"","overlay-color":"","overlay-opacity":"","overlay-gradient":""}},"footnotes":""},"class_list":["post-349","page","type-page","status-publish","hentry"],"yoast_head":"<!-- This site is optimized with the Yoast SEO plugin v23.6 - https:\/\/yoast.com\/wordpress\/plugins\/seo\/ -->\n<title>Legal Notice | deNoem\u00ed Online Wine Store<\/title>\n<meta name=\"robots\" content=\"index, follow, max-snippet:-1, max-image-preview:large, max-video-preview:-1\" \/>\n<link rel=\"canonical\" href=\"https:\/\/denoemi.com\/en\/legal-notice\/\" \/>\n<meta property=\"og:locale\" content=\"en_US\" \/>\n<meta property=\"og:type\" content=\"article\" \/>\n<meta property=\"og:title\" content=\"Legal Notice | deNoem\u00ed Online Wine Store\" \/>\n<meta property=\"og:description\" content=\"Legal Notice In compliance with article 10 of Law 34\/2002, of July 11, on Information Society Services and electronic commerce, [&hellip;]\" \/>\n<meta property=\"og:url\" content=\"https:\/\/denoemi.com\/en\/legal-notice\/\" \/>\n<meta property=\"og:site_name\" content=\"De Noem\u00ed\" \/>\n<meta property=\"article:modified_time\" content=\"2024-10-17T13:30:39+00:00\" \/>\n<meta name=\"twitter:card\" content=\"summary_large_image\" \/>\n<meta name=\"twitter:label1\" content=\"Est. reading time\" \/>\n\t<meta name=\"twitter:data1\" content=\"6 minutes\" \/>\n<script type=\"application\/ld+json\" class=\"yoast-schema-graph\">{\"@context\":\"https:\/\/schema.org\",\"@graph\":[{\"@type\":\"WebPage\",\"@id\":\"https:\/\/denoemi.com\/en\/legal-notice\/\",\"url\":\"https:\/\/denoemi.com\/en\/legal-notice\/\",\"name\":\"Legal Notice | deNoem\u00ed Online Wine Store\",\"isPartOf\":{\"@id\":\"https:\/\/denoemi.com\/#website\"},\"datePublished\":\"2024-10-16T11:10:32+00:00\",\"dateModified\":\"2024-10-17T13:30:39+00:00\",\"breadcrumb\":{\"@id\":\"https:\/\/denoemi.com\/en\/legal-notice\/#breadcrumb\"},\"inLanguage\":\"en-US\",\"potentialAction\":[{\"@type\":\"ReadAction\",\"target\":[\"https:\/\/denoemi.com\/en\/legal-notice\/\"]}]},{\"@type\":\"BreadcrumbList\",\"@id\":\"https:\/\/denoemi.com\/en\/legal-notice\/#breadcrumb\",\"itemListElement\":[{\"@type\":\"ListItem\",\"position\":1,\"name\":\"Portada\",\"item\":\"https:\/\/denoemi.com\/en\/home\/\"},{\"@type\":\"ListItem\",\"position\":2,\"name\":\"Legal Notice\"}]},{\"@type\":\"WebSite\",\"@id\":\"https:\/\/denoemi.com\/#website\",\"url\":\"https:\/\/denoemi.com\/\",\"name\":\"De Noem\u00ed\",\"description\":\"\",\"publisher\":{\"@id\":\"https:\/\/denoemi.com\/#organization\"},\"potentialAction\":[{\"@type\":\"SearchAction\",\"target\":{\"@type\":\"EntryPoint\",\"urlTemplate\":\"https:\/\/denoemi.com\/?s={search_term_string}\"},\"query-input\":{\"@type\":\"PropertyValueSpecification\",\"valueRequired\":true,\"valueName\":\"search_term_string\"}}],\"inLanguage\":\"en-US\"},{\"@type\":\"Organization\",\"@id\":\"https:\/\/denoemi.com\/#organization\",\"name\":\"De Noem\u00ed\",\"url\":\"https:\/\/denoemi.com\/\",\"logo\":{\"@type\":\"ImageObject\",\"inLanguage\":\"en-US\",\"@id\":\"https:\/\/denoemi.com\/#\/schema\/logo\/image\/\",\"url\":\"https:\/\/denoemi.com\/wp-content\/uploads\/2024\/10\/cropped-Logo-de-noemi.png\",\"contentUrl\":\"https:\/\/denoemi.com\/wp-content\/uploads\/2024\/10\/cropped-Logo-de-noemi.png\",\"width\":227,\"height\":129,\"caption\":\"De Noem\u00ed\"},\"image\":{\"@id\":\"https:\/\/denoemi.com\/#\/schema\/logo\/image\/\"}}]}<\/script>\n<!-- \/ Yoast SEO plugin. -->","yoast_head_json":{"title":"Legal Notice | deNoem\u00ed Online Wine Store","robots":{"index":"index","follow":"follow","max-snippet":"max-snippet:-1","max-image-preview":"max-image-preview:large","max-video-preview":"max-video-preview:-1"},"canonical":"https:\/\/denoemi.com\/en\/legal-notice\/","og_locale":"en_US","og_type":"article","og_title":"Legal Notice | deNoem\u00ed Online Wine Store","og_description":"Legal Notice In compliance with article 10 of Law 34\/2002, of July 11, on Information Society Services and electronic commerce, [&hellip;]","og_url":"https:\/\/denoemi.com\/en\/legal-notice\/","og_site_name":"De Noem\u00ed","article_modified_time":"2024-10-17T13:30:39+00:00","twitter_card":"summary_large_image","twitter_misc":{"Est. reading time":"6 minutes"},"schema":{"@context":"https:\/\/schema.org","@graph":[{"@type":"WebPage","@id":"https:\/\/denoemi.com\/en\/legal-notice\/","url":"https:\/\/denoemi.com\/en\/legal-notice\/","name":"Legal Notice | deNoem\u00ed Online Wine Store","isPartOf":{"@id":"https:\/\/denoemi.com\/#website"},"datePublished":"2024-10-16T11:10:32+00:00","dateModified":"2024-10-17T13:30:39+00:00","breadcrumb":{"@id":"https:\/\/denoemi.com\/en\/legal-notice\/#breadcrumb"},"inLanguage":"en-US","potentialAction":[{"@type":"ReadAction","target":["https:\/\/denoemi.com\/en\/legal-notice\/"]}]},{"@type":"BreadcrumbList","@id":"https:\/\/denoemi.com\/en\/legal-notice\/#breadcrumb","itemListElement":[{"@type":"ListItem","position":1,"name":"Portada","item":"https:\/\/denoemi.com\/en\/home\/"},{"@type":"ListItem","position":2,"name":"Legal Notice"}]},{"@type":"WebSite","@id":"https:\/\/denoemi.com\/#website","url":"https:\/\/denoemi.com\/","name":"De Noem\u00ed","description":"","publisher":{"@id":"https:\/\/denoemi.com\/#organization"},"potentialAction":[{"@type":"SearchAction","target":{"@type":"EntryPoint","urlTemplate":"https:\/\/denoemi.com\/?s={search_term_string}"},"query-input":{"@type":"PropertyValueSpecification","valueRequired":true,"valueName":"search_term_string"}}],"inLanguage":"en-US"},{"@type":"Organization","@id":"https:\/\/denoemi.com\/#organization","name":"De Noem\u00ed","url":"https:\/\/denoemi.com\/","logo":{"@type":"ImageObject","inLanguage":"en-US","@id":"https:\/\/denoemi.com\/#\/schema\/logo\/image\/","url":"https:\/\/denoemi.com\/wp-content\/uploads\/2024\/10\/cropped-Logo-de-noemi.png","contentUrl":"https:\/\/denoemi.com\/wp-content\/uploads\/2024\/10\/cropped-Logo-de-noemi.png","width":227,"height":129,"caption":"De Noem\u00ed"},"image":{"@id":"https:\/\/denoemi.com\/#\/schema\/logo\/image\/"}}]}},"_links":{"self":[{"href":"https:\/\/denoemi.com\/en\/wp-json\/wp\/v2\/pages\/349"}],"collection":[{"href":"https:\/\/denoemi.com\/en\/wp-json\/wp\/v2\/pages"}],"about":[{"href":"https:\/\/denoemi.com\/en\/wp-json\/wp\/v2\/types\/page"}],"author":[{"embeddable":true,"href":"https:\/\/denoemi.com\/en\/wp-json\/wp\/v2\/users\/1"}],"replies":[{"embeddable":true,"href":"https:\/\/denoemi.com\/en\/wp-json\/wp\/v2\/comments?post=349"}],"version-history":[{"count":1,"href":"https:\/\/denoemi.com\/en\/wp-json\/wp\/v2\/pages\/349\/revisions"}],"predecessor-version":[{"id":350,"href":"https:\/\/denoemi.com\/en\/wp-json\/wp\/v2\/pages\/349\/revisions\/350"}],"wp:attachment":[{"href":"https:\/\/denoemi.com\/en\/wp-json\/wp\/v2\/media?parent=349"}],"curies":[{"name":"wp","href":"https:\/\/api.w.org\/{rel}","templated":true}]}}